{"id":2184,"date":"2019-06-26T17:51:57","date_gmt":"2019-06-26T17:51:57","guid":{"rendered":"https:\/\/soniajohnson.com\/shop\/"},"modified":"2021-11-21T14:05:08","modified_gmt":"2021-11-21T19:05:08","slug":"shop","status":"publish","type":"page","link":"https:\/\/soniajohnson.com\/en\/shop\/","title":{"rendered":"Online Store"},"content":{"rendered":"<div class=\"fusion-fullwidth fullwidth-box fusion-builder-row-1 nonhundred-percent-fullwidth non-hundred-percent-height-scrolling\" style=\"--awb-border-radius-top-left:0px;--awb-border-radius-top-right:0px;--awb-border-radius-bottom-right:0px;--awb-border-radius-bottom-left:0px;--awb-flex-wrap:wrap;\" ><div class=\"fusion-builder-row fusion-row\"><div class=\"fusion-layout-column fusion_builder_column fusion-builder-column-0 fusion_builder_column_1_2 1_2 fusion-one-half fusion-column-first\" style=\"--awb-bg-size:cover;width:50%;width:calc(50% - ( ( 4% ) * 0.5 ) );margin-right: 4%;\"><div class=\"fusion-column-wrapper fusion-column-has-shadow fusion-flex-column-wrapper-legacy\"><div class=\"fusion-text fusion-text-1\" style=\"--awb-text-transform:none;\"><p><span style=\"color: #ccffff;\"><strong>NEW &#8211; AIRS GIVR\u00c9S &#8211; Songs about winter.<\/strong><\/span><\/p>\n<p>Les peaux de li\u00e8vres (D.Beaumont, M. Beaumont)<br \/>\nJardin d\u2019hiver (K. Zeidel, B. Biolay)<br \/>\nWinter (T. Amos)<br \/>\nC\u2019est l\u2019hiver de Vivaldi (S. Johnson, Vivaldi)<br \/>\nDes diamants sur la ville (V.Bri\u00e8re, S. Johnson, L. Beaugrand)<br \/>\nSoir d\u2019hiver (\u00c9mile Nelligan, Claude L\u00e9veill\u00e9e)<br \/>\nSnowbird (G. MacLellan, A.Murray)<br \/>\nJ\u2019aimais l\u2019hiver (M. Rivard)<\/p>\n<p><span style=\"color: #ccffff;\"><em>All album prices includes delivery in Canada, tax extra.<\/em><\/span><br \/>\n<span style=\"color: #ccffff;\"><em>For a delivery outside Canada please contact us.<\/em><\/span><\/p>\n<\/div><div class=\"fusion-clearfix\"><\/div><\/div><\/div><div class=\"fusion-layout-column fusion_builder_column fusion-builder-column-1 fusion_builder_column_1_2 1_2 fusion-one-half fusion-column-last\" style=\"--awb-bg-size:cover;width:50%;width:calc(50% - ( ( 4% ) * 0.5 ) );\"><div class=\"fusion-column-wrapper fusion-column-has-shadow fusion-flex-column-wrapper-legacy\"><div class=\"fusion-video fusion-youtube fusion-aligncenter\" style=\"--awb-max-width:533px;--awb-max-height:300px;--awb-width:100%;\"><div class=\"video-shortcode\"><div class=\"fluid-width-video-wrapper\" style=\"padding-top:56.29%;\" ><iframe title=\"YouTube video player 1\" src=\"https:\/\/www.youtube.com\/embed\/nnh96uq925U?wmode=transparent&autoplay=0\" width=\"533\" height=\"300\" allowfullscreen allow=\"autoplay; fullscreen\"><\/iframe><\/div><\/div><\/div><div class=\"fusion-clearfix\"><\/div><\/div><\/div><\/div><\/div>\n","protected":false},"excerpt":{"rendered":"","protected":false},"author":1,"featured_media":0,"parent":0,"menu_order":0,"comment_status":"closed","ping_status":"closed","template":"","meta":{"footnotes":""},"class_list":["post-2184","page","type-page","status-publish","hentry"],"yoast_head":"<!-- This site is optimized with the Yoast SEO plugin v26.5 - https:\/\/yoast.com\/wordpress\/plugins\/seo\/ -->\n<title>Online Store - Sonia Johnson<\/title>\n<meta name=\"robots\" content=\"index, follow, max-snippet:-1, max-image-preview:large, max-video-preview:-1\" \/>\n<link rel=\"canonical\" href=\"https:\/\/soniajohnson.com\/en\/shop\/\" \/>\n<meta property=\"og:locale\" content=\"en_US\" \/>\n<meta property=\"og:type\" content=\"article\" \/>\n<meta property=\"og:title\" content=\"Online Store - Sonia Johnson\" \/>\n<meta property=\"og:url\" content=\"https:\/\/soniajohnson.com\/en\/shop\/\" \/>\n<meta property=\"og:site_name\" content=\"Sonia Johnson\" \/>\n<meta property=\"article:publisher\" content=\"https:\/\/www.facebook.com\/soniajohnsonjazz\/\" \/>\n<meta property=\"article:modified_time\" content=\"2021-11-21T19:05:08+00:00\" \/>\n<meta property=\"og:image\" content=\"https:\/\/soniajohnson.com\/wp-content\/uploads\/2019\/10\/Sonia-Johnson_Chrysalis_Pochette-Digitale-WEB-lowres-1024x1024.jpg\" \/>\n\t<meta property=\"og:image:width\" content=\"800\" \/>\n\t<meta property=\"og:image:height\" content=\"802\" \/>\n\t<meta property=\"og:image:type\" content=\"image\/jpeg\" \/>\n<meta name=\"twitter:card\" content=\"summary_large_image\" \/>\n<meta name=\"twitter:label1\" content=\"Est. reading time\" \/>\n\t<meta name=\"twitter:data1\" content=\"4 minutes\" \/>\n<script type=\"application\/ld+json\" class=\"yoast-schema-graph\">{\"@context\":\"https:\/\/schema.org\",\"@graph\":[{\"@type\":\"WebPage\",\"@id\":\"https:\/\/soniajohnson.com\/en\/shop\/\",\"url\":\"https:\/\/soniajohnson.com\/en\/shop\/\",\"name\":\"Online Store - Sonia Johnson\",\"isPartOf\":{\"@id\":\"https:\/\/soniajohnson.com\/en\/#website\"},\"datePublished\":\"2019-06-26T17:51:57+00:00\",\"dateModified\":\"2021-11-21T19:05:08+00:00\",\"breadcrumb\":{\"@id\":\"https:\/\/soniajohnson.com\/en\/shop\/#breadcrumb\"},\"inLanguage\":\"en-US\",\"potentialAction\":[{\"@type\":\"ReadAction\",\"target\":[\"https:\/\/soniajohnson.com\/en\/shop\/\"]}]},{\"@type\":\"BreadcrumbList\",\"@id\":\"https:\/\/soniajohnson.com\/en\/shop\/#breadcrumb\",\"itemListElement\":[{\"@type\":\"ListItem\",\"position\":1,\"name\":\"Accueil\",\"item\":\"https:\/\/soniajohnson.com\/en\/home\/\"},{\"@type\":\"ListItem\",\"position\":2,\"name\":\"Online Store\"}]},{\"@type\":\"WebSite\",\"@id\":\"https:\/\/soniajohnson.com\/en\/#website\",\"url\":\"https:\/\/soniajohnson.com\/en\/\",\"name\":\"Sonia Johnson\",\"description\":\"Artiste jazz vocal\",\"potentialAction\":[{\"@type\":\"SearchAction\",\"target\":{\"@type\":\"EntryPoint\",\"urlTemplate\":\"https:\/\/soniajohnson.com\/en\/?s={search_term_string}\"},\"query-input\":{\"@type\":\"PropertyValueSpecification\",\"valueRequired\":true,\"valueName\":\"search_term_string\"}}],\"inLanguage\":\"en-US\"}]}<\/script>\n<!-- \/ Yoast SEO plugin. -->","yoast_head_json":{"title":"Online Store - Sonia Johnson","robots":{"index":"index","follow":"follow","max-snippet":"max-snippet:-1","max-image-preview":"max-image-preview:large","max-video-preview":"max-video-preview:-1"},"canonical":"https:\/\/soniajohnson.com\/en\/shop\/","og_locale":"en_US","og_type":"article","og_title":"Online Store - Sonia Johnson","og_url":"https:\/\/soniajohnson.com\/en\/shop\/","og_site_name":"Sonia Johnson","article_publisher":"https:\/\/www.facebook.com\/soniajohnsonjazz\/","article_modified_time":"2021-11-21T19:05:08+00:00","og_image":[{"width":800,"height":802,"url":"https:\/\/soniajohnson.com\/wp-content\/uploads\/2019\/10\/Sonia-Johnson_Chrysalis_Pochette-Digitale-WEB-lowres-1024x1024.jpg","type":"image\/jpeg"}],"twitter_card":"summary_large_image","twitter_misc":{"Est. reading time":"4 minutes"},"schema":{"@context":"https:\/\/schema.org","@graph":[{"@type":"WebPage","@id":"https:\/\/soniajohnson.com\/en\/shop\/","url":"https:\/\/soniajohnson.com\/en\/shop\/","name":"Online Store - Sonia Johnson","isPartOf":{"@id":"https:\/\/soniajohnson.com\/en\/#website"},"datePublished":"2019-06-26T17:51:57+00:00","dateModified":"2021-11-21T19:05:08+00:00","breadcrumb":{"@id":"https:\/\/soniajohnson.com\/en\/shop\/#breadcrumb"},"inLanguage":"en-US","potentialAction":[{"@type":"ReadAction","target":["https:\/\/soniajohnson.com\/en\/shop\/"]}]},{"@type":"BreadcrumbList","@id":"https:\/\/soniajohnson.com\/en\/shop\/#breadcrumb","itemListElement":[{"@type":"ListItem","position":1,"name":"Accueil","item":"https:\/\/soniajohnson.com\/en\/home\/"},{"@type":"ListItem","position":2,"name":"Online Store"}]},{"@type":"WebSite","@id":"https:\/\/soniajohnson.com\/en\/#website","url":"https:\/\/soniajohnson.com\/en\/","name":"Sonia Johnson","description":"Artiste jazz vocal","potentialAction":[{"@type":"SearchAction","target":{"@type":"EntryPoint","urlTemplate":"https:\/\/soniajohnson.com\/en\/?s={search_term_string}"},"query-input":{"@type":"PropertyValueSpecification","valueRequired":true,"valueName":"search_term_string"}}],"inLanguage":"en-US"}]}},"jetpack_sharing_enabled":true,"_links":{"self":[{"href":"https:\/\/soniajohnson.com\/en\/wp-json\/wp\/v2\/pages\/2184","targetHints":{"allow":["GET"]}}],"collection":[{"href":"https:\/\/soniajohnson.com\/en\/wp-json\/wp\/v2\/pages"}],"about":[{"href":"https:\/\/soniajohnson.com\/en\/wp-json\/wp\/v2\/types\/page"}],"author":[{"embeddable":true,"href":"https:\/\/soniajohnson.com\/en\/wp-json\/wp\/v2\/users\/1"}],"replies":[{"embeddable":true,"href":"https:\/\/soniajohnson.com\/en\/wp-json\/wp\/v2\/comments?post=2184"}],"version-history":[{"count":10,"href":"https:\/\/soniajohnson.com\/en\/wp-json\/wp\/v2\/pages\/2184\/revisions"}],"predecessor-version":[{"id":3208,"href":"https:\/\/soniajohnson.com\/en\/wp-json\/wp\/v2\/pages\/2184\/revisions\/3208"}],"wp:attachment":[{"href":"https:\/\/soniajohnson.com\/en\/wp-json\/wp\/v2\/media?parent=2184"}],"curies":[{"name":"wp","href":"https:\/\/api.w.org\/{rel}","templated":true}]}}